{"id":7461,"date":"2024-11-25T21:16:19","date_gmt":"2024-11-25T18:16:19","guid":{"rendered":"https:\/\/kayenyapiteknik.com.tr\/?page_id=7461"},"modified":"2024-11-25T21:20:14","modified_gmt":"2024-11-25T18:20:14","slug":"vizyonumuz","status":"publish","type":"page","link":"https:\/\/kayenyapiteknik.com.tr\/index.php\/vizyonumuz\/","title":{"rendered":"Vizyonumuz"},"content":{"rendered":"<p>[vc_row][vc_column][vc_column_text woodmart_inline=&#8221;no&#8221; text_larger=&#8221;no&#8221;]M\u00fc\u015fteri memnuniyeti odakl\u0131 bir anlay\u0131\u015f i\u00e7inde olan firmam\u0131z; m\u00fc\u015fteriye ihtiya\u00e7 duydu\u011fu \u00e7\u00f6z\u00fcm\u00fc sahip oldu\u011fu teknik altyap\u0131 ve bilgi birikimi sayesinde en uygun ve pratik \u015fekilde sunmaktad\u0131r. Sekt\u00f6rde geli\u015fen teknolojiyi ekiplerimiz ile birlikte yak\u0131ndan takip ederek , \u00fcstlendi\u011fi i\u015fleri ba\u015far\u0131 ile zaman\u0131nda hayata ge\u00e7iren g\u00fcvenilir bir kurulu\u015f olmakt\u0131r.<\/p>\n<h3><strong>Neler Yapt\u0131k<\/strong><\/h3>\n<p><strong>De\u011ferli M\u00fc\u015fterilerimize Sundu\u011fumuz Hizmetler;<br \/>\n<\/strong>Uzman ve deneyimli kadromuzla elektrik taahh\u00fct &#8211; Proje hizmetleri , y\u00fcksek gerilimden al\u00e7ak gerilime , kuwvetli ak\u0131mdan zay\u0131f ak\u0131ma,ayn\u0131 zamanda elektrikli ara\u00e7 \u015farj istasyonlar\u0131 kurulumlar\u0131 ve g\u00fcne\u015f enerjisi kurulumlar\u0131 ger\u00e7ekle\u015ftirilmektedir.[\/vc_column_text][vc_single_image image=&#8221;7466&#8243; img_size=&#8221;full&#8221; parallax_scroll=&#8221;no&#8221; woodmart_inline=&#8221;no&#8221;][\/vc_column][\/vc_row]<\/p>\n","protected":false},"excerpt":{"rendered":"<p>[vc_row][vc_column][vc_column_text woodmart_inline=&#8221;no&#8221; text_larger=&#8221;no&#8221;]M\u00fc\u015fteri memnuniyeti odakl\u0131 bir anlay\u0131\u015f i\u00e7inde olan firmam\u0131z; m\u00fc\u015fteriye ihtiya\u00e7 duydu\u011fu \u00e7\u00f6z\u00fcm\u00fc sahip oldu\u011fu teknik altyap\u0131 ve bilgi<\/p>\n","protected":false},"author":1,"featured_media":0,"parent":0,"menu_order":0,"comment_status":"closed","ping_status":"closed","template":"","meta":{"footnotes":""},"class_list":["post-7461","page","type-page","status-publish","hentry"],"_links":{"self":[{"href":"https:\/\/kayenyapiteknik.com.tr\/index.php\/wp-json\/wp\/v2\/pages\/7461","targetHints":{"allow":["GET"]}}],"collection":[{"href":"https:\/\/kayenyapiteknik.com.tr\/index.php\/wp-json\/wp\/v2\/pages"}],"about":[{"href":"https:\/\/kayenyapiteknik.com.tr\/index.php\/wp-json\/wp\/v2\/types\/page"}],"author":[{"embeddable":true,"href":"https:\/\/kayenyapiteknik.com.tr\/index.php\/wp-json\/wp\/v2\/users\/1"}],"replies":[{"embeddable":true,"href":"https:\/\/kayenyapiteknik.com.tr\/index.php\/wp-json\/wp\/v2\/comments?post=7461"}],"version-history":[{"count":4,"href":"https:\/\/kayenyapiteknik.com.tr\/index.php\/wp-json\/wp\/v2\/pages\/7461\/revisions"}],"predecessor-version":[{"id":7467,"href":"https:\/\/kayenyapiteknik.com.tr\/index.php\/wp-json\/wp\/v2\/pages\/7461\/revisions\/7467"}],"wp:attachment":[{"href":"https:\/\/kayenyapiteknik.com.tr\/index.php\/wp-json\/wp\/v2\/media?parent=7461"}],"curies":[{"name":"wp","href":"https:\/\/api.w.org\/{rel}","templated":true}]}}