{"id":7472,"date":"2024-11-25T21:39:11","date_gmt":"2024-11-25T18:39:11","guid":{"rendered":"https:\/\/kayenyapiteknik.com.tr\/?page_id=7472"},"modified":"2024-11-25T21:47:56","modified_gmt":"2024-11-25T18:47:56","slug":"taahhutumuz","status":"publish","type":"page","link":"https:\/\/kayenyapiteknik.com.tr\/index.php\/taahhutumuz\/","title":{"rendered":"Taahh\u00fct\u00fcm\u00fcz"},"content":{"rendered":"<p>[vc_row][vc_column width=&#8221;1\/2&#8243;][vc_column_text woodmart_inline=&#8221;no&#8221; text_larger=&#8221;no&#8221;]<\/p>\n<h3>\u201cPeriyodik bak\u0131m ve i\u015fletme sorumlulu\u011fu programlar\u0131yla sanayi tesislerinden de\u011fi\u015fik b\u00fcy\u00fckl\u00fckteki her t\u00fcrl\u00fc i\u015flet-meye hizmet verilmektedir.\u201d<\/h3>\n<p>Uzman ve deneyimli kadromuzla elektrik taahh\u00fct hizmetleri; y\u00fcksek gerilimden al\u00e7ak gerilime, kuvvetli ak\u0131mdan zay\u0131f ak\u0131ma ayn\u0131 zamanda elektrikli ara\u00e7 \u015farj istasyonlar\u0131 kurulumlar\u0131 ve g\u00fcne\u015f enerjisi kurulumlar\u0131 ger\u00e7ekle\u015ftirilmektedir.<\/p>\n<p>Tecr\u00fcbeli m\u00fchendis arkada\u015flar\u0131m\u0131z ve teknik ekiplerimizle taraf\u0131m\u0131zca haz\u0131rlanan projelerin da\u011f\u0131t\u0131m \u015firketleri talebine, teknik \u015fartnamelere ve elektrikli ara\u00e7 \u015farj istasyonu kurulumu \u015fartlar\u0131na g\u00f6re montaj \u00e7al\u0131\u015fmalar\u0131 enerji nakil hatt\u0131 tesis edilmesi trafo merkezi kurulumlar\u0131, yap\u0131 ba\u011flant\u0131 hatt\u0131 kaz\u0131 i\u015flemleri yap\u0131l\u0131p, nitelikli \u00e7\u00f6z\u00fcmler \u00fcretmektedir.[\/vc_column_text][\/vc_column][vc_column width=&#8221;1\/2&#8243;][vc_single_image image=&#8221;7474&#8243; img_size=&#8221;full&#8221; parallax_scroll=&#8221;no&#8221; woodmart_inline=&#8221;no&#8221;][\/vc_column][\/vc_row][vc_row][vc_column][vc_column_text woodmart_inline=&#8221;no&#8221; text_larger=&#8221;no&#8221;]Ayr\u0131ca tam zamanl\u0131 \u00e7al\u0131\u015fma sistemi ile \u00e7al\u0131\u015fan, bak\u0131m ve acil m\u00fcdahale b\u00f6l\u00fcm\u00fcm\u00fcz; Y.G., enerji nakil hatt\u0131, trafo tesisleri ile A.G. tesisleri ve da\u011f\u0131t\u0131m, kompanzasyon panolar\u0131n\u0131n periyodik ve acil bak\u0131m\u0131n\u0131, elektrikli ara\u00e7 \u015farj istasyonu ar\u0131zalar\u0131n\u0131 h\u0131zl\u0131 ve g\u00fcvenilir bir \u015fekilde \u00e7\u00f6z\u00fcmler \u00fcreterek ar\u0131zalara m\u00fcdahale edilmektedir.[\/vc_column_text][\/vc_column][\/vc_row][vc_row][vc_column][vc_single_image image=&#8221;7477&#8243; img_size=&#8221;full&#8221; alignment=&#8221;center&#8221; parallax_scroll=&#8221;no&#8221; woodmart_inline=&#8221;no&#8221;][\/vc_column][\/vc_row]<\/p>\n","protected":false},"excerpt":{"rendered":"<p>[vc_row][vc_column width=&#8221;1\/2&#8243;][vc_column_text woodmart_inline=&#8221;no&#8221; text_larger=&#8221;no&#8221;] \u201cPeriyodik bak\u0131m ve i\u015fletme sorumlulu\u011fu programlar\u0131yla sanayi tesislerinden de\u011fi\u015fik b\u00fcy\u00fckl\u00fckteki her t\u00fcrl\u00fc i\u015flet-meye hizmet verilmektedir.\u201d Uzman<\/p>\n","protected":false},"author":1,"featured_media":0,"parent":0,"menu_order":0,"comment_status":"closed","ping_status":"closed","template":"","meta":{"footnotes":""},"class_list":["post-7472","page","type-page","status-publish","hentry"],"_links":{"self":[{"href":"https:\/\/kayenyapiteknik.com.tr\/index.php\/wp-json\/wp\/v2\/pages\/7472","targetHints":{"allow":["GET"]}}],"collection":[{"href":"https:\/\/kayenyapiteknik.com.tr\/index.php\/wp-json\/wp\/v2\/pages"}],"about":[{"href":"https:\/\/kayenyapiteknik.com.tr\/index.php\/wp-json\/wp\/v2\/types\/page"}],"author":[{"embeddable":true,"href":"https:\/\/kayenyapiteknik.com.tr\/index.php\/wp-json\/wp\/v2\/users\/1"}],"replies":[{"embeddable":true,"href":"https:\/\/kayenyapiteknik.com.tr\/index.php\/wp-json\/wp\/v2\/comments?post=7472"}],"version-history":[{"count":5,"href":"https:\/\/kayenyapiteknik.com.tr\/index.php\/wp-json\/wp\/v2\/pages\/7472\/revisions"}],"predecessor-version":[{"id":7480,"href":"https:\/\/kayenyapiteknik.com.tr\/index.php\/wp-json\/wp\/v2\/pages\/7472\/revisions\/7480"}],"wp:attachment":[{"href":"https:\/\/kayenyapiteknik.com.tr\/index.php\/wp-json\/wp\/v2\/media?parent=7472"}],"curies":[{"name":"wp","href":"https:\/\/api.w.org\/{rel}","templated":true}]}}