{"id":7481,"date":"2024-11-25T21:54:35","date_gmt":"2024-11-25T18:54:35","guid":{"rendered":"https:\/\/kayenyapiteknik.com.tr\/?page_id=7481"},"modified":"2024-11-25T22:04:52","modified_gmt":"2024-11-25T19:04:52","slug":"proje-islerimiz","status":"publish","type":"page","link":"https:\/\/kayenyapiteknik.com.tr\/index.php\/proje-islerimiz\/","title":{"rendered":"PROJE \u0130\u015eLER\u0130M\u0130Z"},"content":{"rendered":"<p>[vc_row][vc_column][vc_column_text woodmart_inline=&#8221;no&#8221; text_larger=&#8221;no&#8221;]<\/p>\n<h3>Yetkin ve tecr\u00fcbeli Elektrik m\u00fchendisi \u00e7al\u0131\u015fma arkada\u015flar\u0131m\u0131z ile birlikte T\u00fcrkiye&#8217;deki T\u00fcm b\u00f6lgelerde bulunan da\u011f\u0131t\u0131m \u015firketlerine kay\u0131tlar\u0131m\u0131z bulunmaktad\u0131r.<\/h3>\n<p>[\/vc_column_text][\/vc_column][\/vc_row][vc_row][vc_column width=&#8221;1\/2&#8243;][vc_row_inner][vc_column_inner width=&#8221;1\/6&#8243;][vc_single_image image=&#8221;7484&#8243; img_size=&#8221;60&#215;60&#8243; parallax_scroll=&#8221;no&#8221; woodmart_inline=&#8221;no&#8221;][\/vc_column_inner][vc_column_inner width=&#8221;5\/6&#8243;][vc_column_text woodmart_inline=&#8221;no&#8221; text_larger=&#8221;no&#8221;]T\u00fcrkiye&#8217;de ki T\u00fcm b\u00f6lgelerde bulunan da\u011f\u0131t\u0131m \u015firketlerine kay\u0131tlar\u0131m\u0131z bulunmakta olup AG -O0G &#8211; GES Proje haz\u0131rlama kurum onaylar\u0131 t\u00fcm m\u00fchendislik i\u015flemleri \u015firketimizce y\u00fcr\u00fct\u00fclmektedir.[\/vc_column_text][\/vc_column_inner][\/vc_row_inner][\/vc_column][vc_column width=&#8221;1\/2&#8243;][vc_row_inner][vc_column_inner width=&#8221;1\/6&#8243;][vc_single_image image=&#8221;7487&#8243; img_size=&#8221;60&#215;60&#8243; parallax_scroll=&#8221;no&#8221; woodmart_inline=&#8221;no&#8221;][\/vc_column_inner][vc_column_inner width=&#8221;5\/6&#8243;][vc_column_text woodmart_inline=&#8221;no&#8221; text_larger=&#8221;no&#8221;]B\u00f6lgelerde aktif g\u00f6rev alan yetkin tecr\u00fcbeli m\u00fchendis \u00e7al\u0131\u015fma arkada\u015flar\u0131m\u0131z ile m\u00fchendislik hizmetlerimiz\u00a0 h\u0131zl\u0131 bir \u015fekilde sonu\u00e7land\u0131r\u0131lmaktad\u0131r.[\/vc_column_text][\/vc_column_inner][\/vc_row_inner][\/vc_column][\/vc_row][vc_row][vc_column width=&#8221;1\/2&#8243;][vc_row_inner][vc_column_inner width=&#8221;1\/6&#8243;][vc_single_image image=&#8221;7485&#8243; img_size=&#8221;60&#215;60&#8243; parallax_scroll=&#8221;no&#8221; woodmart_inline=&#8221;no&#8221;][\/vc_column_inner][vc_column_inner width=&#8221;5\/6&#8243;][vc_column_text woodmart_inline=&#8221;no&#8221; text_larger=&#8221;no&#8221;]Elektrik y\u00fcksek gerilimi al\u00e7ak gerilim, zay\u0131f ak\u0131m projeleri, g\u00fcne\u015f enerji santralleri projeleri ve elektrikli ara\u00e7 \u015farj istasyonu projelerimiz m\u00fc\u015fterilerimizin talep ve ihtiya\u00e7lar\u0131 do\u011frultusunda g\u00fcncel m\u00fchendislik bilgileri ile birlikte olu\u015fturulmaktad\u0131r.[\/vc_column_text][\/vc_column_inner][\/vc_row_inner][\/vc_column][vc_column width=&#8221;1\/2&#8243;][vc_row_inner][vc_column_inner width=&#8221;1\/6&#8243;][vc_single_image image=&#8221;7486&#8243; img_size=&#8221;60&#215;60&#8243; parallax_scroll=&#8221;no&#8221; woodmart_inline=&#8221;no&#8221;][\/vc_column_inner][vc_column_inner width=&#8221;5\/6&#8243;][vc_column_text woodmart_inline=&#8221;no&#8221; text_larger=&#8221;no&#8221;]Y\u00fcksek gerilim, enerji nakil hatlar\u0131, trafo merkezleri, sanayi tesisleri, toplu konutlar, al\u0131\u015fveri\u015f merkezleri, hastaneler, elektrikli ara\u00e7 sarj istasyonlar\u0131 projeleri deneyimli ve uzman kadromuzca haz\u0131rlanmaktad\u0131r.[\/vc_column_text][\/vc_column_inner][\/vc_row_inner][\/vc_column][\/vc_row]<\/p>\n","protected":false},"excerpt":{"rendered":"<p>[vc_row][vc_column][vc_column_text woodmart_inline=&#8221;no&#8221; text_larger=&#8221;no&#8221;] Yetkin ve tecr\u00fcbeli Elektrik m\u00fchendisi \u00e7al\u0131\u015fma arkada\u015flar\u0131m\u0131z ile birlikte T\u00fcrkiye&#8217;deki T\u00fcm b\u00f6lgelerde bulunan da\u011f\u0131t\u0131m \u015firketlerine kay\u0131tlar\u0131m\u0131z bulunmaktad\u0131r.<\/p>\n","protected":false},"author":1,"featured_media":0,"parent":0,"menu_order":0,"comment_status":"closed","ping_status":"closed","template":"","meta":{"footnotes":""},"class_list":["post-7481","page","type-page","status-publish","hentry"],"_links":{"self":[{"href":"https:\/\/kayenyapiteknik.com.tr\/index.php\/wp-json\/wp\/v2\/pages\/7481","targetHints":{"allow":["GET"]}}],"collection":[{"href":"https:\/\/kayenyapiteknik.com.tr\/index.php\/wp-json\/wp\/v2\/pages"}],"about":[{"href":"https:\/\/kayenyapiteknik.com.tr\/index.php\/wp-json\/wp\/v2\/types\/page"}],"author":[{"embeddable":true,"href":"https:\/\/kayenyapiteknik.com.tr\/index.php\/wp-json\/wp\/v2\/users\/1"}],"replies":[{"embeddable":true,"href":"https:\/\/kayenyapiteknik.com.tr\/index.php\/wp-json\/wp\/v2\/comments?post=7481"}],"version-history":[{"count":7,"href":"https:\/\/kayenyapiteknik.com.tr\/index.php\/wp-json\/wp\/v2\/pages\/7481\/revisions"}],"predecessor-version":[{"id":7493,"href":"https:\/\/kayenyapiteknik.com.tr\/index.php\/wp-json\/wp\/v2\/pages\/7481\/revisions\/7493"}],"wp:attachment":[{"href":"https:\/\/kayenyapiteknik.com.tr\/index.php\/wp-json\/wp\/v2\/media?parent=7481"}],"curies":[{"name":"wp","href":"https:\/\/api.w.org\/{rel}","templated":true}]}}