{"id":7494,"date":"2024-11-25T22:15:14","date_gmt":"2024-11-25T19:15:14","guid":{"rendered":"https:\/\/kayenyapiteknik.com.tr\/?page_id=7494"},"modified":"2024-11-29T22:42:49","modified_gmt":"2024-11-29T19:42:49","slug":"eneriji","status":"publish","type":"page","link":"https:\/\/kayenyapiteknik.com.tr\/index.php\/eneriji\/","title":{"rendered":"ENERJ\u0130"},"content":{"rendered":"<p>[vc_row][vc_column][vc_column_text woodmart_inline=&#8221;no&#8221; text_larger=&#8221;no&#8221;]KAYEN TEKN\u0130K YAPI M\u00dcHEND\u0130SL\u0130K olarak do\u011faya verdi\u011fimiz zarar\u0131 azaltmak i\u00e7in elektrikli ara\u00e7lar\u0131n kullan\u0131m\u0131n\u0131 destekliyoruz. Elektrikli ara\u00e7lar\u0131n \u015farj edilebilmesi i\u00e7in bireysel ve ticari kullan\u0131m ama\u00e7lar\u0131na g\u00f6re \u015farj istasyonlar\u0131n\u0131n kurulumlar\u0131n\u0131 yapmaktay\u0131z.[\/vc_column_text][\/vc_column][\/vc_row][vc_row][vc_column width=&#8221;1\/3&#8243;][vc_single_image image=&#8221;7495&#8243; img_size=&#8221;200&#215;200&#8243; alignment=&#8221;center&#8221; parallax_scroll=&#8221;no&#8221; woodmart_inline=&#8221;no&#8221;][vc_column_text woodmart_inline=&#8221;no&#8221; text_larger=&#8221;no&#8221;]Elektrikli ara\u00e7lar \u015farj istasyonu alan\u0131nda E\u015fari, Trioy Mia Teknoloji ve Kontrolmatik firmalar\u0131yla aktif olarak \u00e7al\u0131\u015fmakta olup, ge\u00e7ti\u011fimiz sene ve 2024 y\u0131l\u0131 itibari ile 77 ilde faaliyet g\u00f6stermekteyiz. \u00c7al\u0131\u015fmakta oldu\u011fumuz firmalara toplamda 35 mW&#8217;lik g\u00fc\u00e7 abonelik alm\u0131\u015f,[\/vc_column_text][\/vc_column][vc_column width=&#8221;1\/3&#8243;][vc_single_image image=&#8221;7496&#8243; img_size=&#8221;200&#215;200&#8243; alignment=&#8221;center&#8221; parallax_scroll=&#8221;no&#8221; woodmart_inline=&#8221;no&#8221;][vc_column_text woodmart_inline=&#8221;no&#8221; text_larger=&#8221;no&#8221;]Yeni abonelik ve i\u00e7 tesisattan beslenecek \u015fekilde toplamda 450 \u015farj istasyonu cihaz\u0131n kurulumunu KAYEN TEKN\u0130K YAPI M\u00dcHEND\u0130SL\u0130K olarak ger\u00e7ekle\u015ftirmi\u015f bulunmak tay\u0131z.[\/vc_column_text][\/vc_column][vc_column width=&#8221;1\/3&#8243;][vc_single_image image=&#8221;7497&#8243; img_size=&#8221;200&#215;200&#8243; alignment=&#8221;center&#8221; parallax_scroll=&#8221;no&#8221; woodmart_inline=&#8221;no&#8221;][vc_column_text woodmart_inline=&#8221;no&#8221; text_larger=&#8221;no&#8221;]G\u00fcne\u015f enerjisi sistemleri alan\u0131nda da aktif olarak rol almaktay\u0131z. T\u00fcrkiye g\u00fcne\u015f enerjisi sistemlerinin kurulumu i\u00e7in \u00e7ok elveri\u015fli ve verimli bir co\u011frafyada olmas\u0131na ra\u011fmen g\u00fcne\u015f enerjisi kullan\u0131m\u0131 \u00fclkemizde yeterince yayg\u0131nla\u015fmam\u0131\u015ft\u0131r.[\/vc_column_text][\/vc_column][\/vc_row][vc_row][vc_column][vc_column_text woodmart_inline=&#8221;no&#8221; text_larger=&#8221;no&#8221;]KAYEN TEKN\u0130K YAPI M\u00dcHEND\u0130SL\u0130K olarak T\u00fcrkiye genelinde uzman teknik kadromuz ve m\u00fchendis \u00e7al\u0131\u015fma arkada\u015flar\u0131m\u0131z ile birlikte gerek konstr\u00fcksiyon sistemleri gerekse statik raporlama ve hesaplama i\u015flemleri olmak \u00fczere her alanda maliyetini k\u0131sa s\u00fcrede kar\u015f\u0131layan g\u00fcne\u015f enerjisi sistemlerinin en verimli \u015fekilde kurulumu yap\u0131lmaktad\u0131r.[\/vc_column_text][\/vc_column][\/vc_row][vc_row][vc_column width=&#8221;1\/2&#8243;][vc_single_image image=&#8221;7501&#8243; img_size=&#8221;full&#8221; parallax_scroll=&#8221;no&#8221; woodmart_inline=&#8221;no&#8221;][\/vc_column][vc_column width=&#8221;1\/2&#8243;][vc_single_image image=&#8221;7502&#8243; img_size=&#8221;full&#8221; parallax_scroll=&#8221;no&#8221; woodmart_inline=&#8221;no&#8221;][\/vc_column][\/vc_row]<\/p>\n","protected":false},"excerpt":{"rendered":"<p>[vc_row][vc_column][vc_column_text woodmart_inline=&#8221;no&#8221; text_larger=&#8221;no&#8221;]KAYEN TEKN\u0130K YAPI M\u00dcHEND\u0130SL\u0130K olarak do\u011faya verdi\u011fimiz zarar\u0131 azaltmak i\u00e7in elektrikli ara\u00e7lar\u0131n kullan\u0131m\u0131n\u0131 destekliyoruz. Elektrikli ara\u00e7lar\u0131n \u015farj edilebilmesi<\/p>\n","protected":false},"author":1,"featured_media":0,"parent":0,"menu_order":0,"comment_status":"closed","ping_status":"closed","template":"","meta":{"footnotes":""},"class_list":["post-7494","page","type-page","status-publish","hentry"],"_links":{"self":[{"href":"https:\/\/kayenyapiteknik.com.tr\/index.php\/wp-json\/wp\/v2\/pages\/7494","targetHints":{"allow":["GET"]}}],"collection":[{"href":"https:\/\/kayenyapiteknik.com.tr\/index.php\/wp-json\/wp\/v2\/pages"}],"about":[{"href":"https:\/\/kayenyapiteknik.com.tr\/index.php\/wp-json\/wp\/v2\/types\/page"}],"author":[{"embeddable":true,"href":"https:\/\/kayenyapiteknik.com.tr\/index.php\/wp-json\/wp\/v2\/users\/1"}],"replies":[{"embeddable":true,"href":"https:\/\/kayenyapiteknik.com.tr\/index.php\/wp-json\/wp\/v2\/comments?post=7494"}],"version-history":[{"count":6,"href":"https:\/\/kayenyapiteknik.com.tr\/index.php\/wp-json\/wp\/v2\/pages\/7494\/revisions"}],"predecessor-version":[{"id":7565,"href":"https:\/\/kayenyapiteknik.com.tr\/index.php\/wp-json\/wp\/v2\/pages\/7494\/revisions\/7565"}],"wp:attachment":[{"href":"https:\/\/kayenyapiteknik.com.tr\/index.php\/wp-json\/wp\/v2\/media?parent=7494"}],"curies":[{"name":"wp","href":"https:\/\/api.w.org\/{rel}","templated":true}]}}