{"id":7512,"date":"2024-11-29T21:55:13","date_gmt":"2024-11-29T18:55:13","guid":{"rendered":"https:\/\/kayenyapiteknik.com.tr\/?page_id=7512"},"modified":"2024-11-29T22:01:00","modified_gmt":"2024-11-29T19:01:00","slug":"pano-imalati","status":"publish","type":"page","link":"https:\/\/kayenyapiteknik.com.tr\/index.php\/pano-imalati\/","title":{"rendered":"PANO \u0130MALATI"},"content":{"rendered":"<p>[vc_row][vc_column][vc_single_image image=&#8221;7513&#8243; img_size=&#8221;full&#8221; parallax_scroll=&#8221;no&#8221; woodmart_inline=&#8221;no&#8221;][\/vc_column][\/vc_row][vc_row][vc_column width=&#8221;1\/2&#8243;][vc_row_inner][vc_column_inner width=&#8221;1\/3&#8243;][vc_single_image image=&#8221;7518&#8243; img_size=&#8221;74&#215;74&#8243; alignment=&#8221;center&#8221; parallax_scroll=&#8221;no&#8221; woodmart_inline=&#8221;no&#8221;][\/vc_column_inner][vc_column_inner width=&#8221;2\/3&#8243;][vc_empty_space woodmart_hide_large=&#8221;0&#8243; woodmart_hide_medium=&#8221;0&#8243; woodmart_hide_small=&#8221;0&#8243;][vc_custom_heading text=&#8221;Tedarik&#8221; google_fonts=&#8221;font_family:Roboto%3A100%2C100italic%2C300%2C300italic%2Cregular%2Citalic%2C500%2C500italic%2C700%2C700italic%2C900%2C900italic|font_style:400%20regular%3A400%3Anormal&#8221;][\/vc_column_inner][\/vc_row_inner][vc_column_text woodmart_inline=&#8221;no&#8221; text_larger=&#8221;no&#8221;]\u015eirketimizce \u00f6zel imalat Elektrik Pano \u00fcretimi ve tedari\u011fi sa\u011flanmaktad\u0131r.[\/vc_column_text][vc_single_image image=&#8221;7519&#8243; img_size=&#8221;full&#8221; parallax_scroll=&#8221;no&#8221; woodmart_inline=&#8221;no&#8221;][\/vc_column][vc_column width=&#8221;1\/2&#8243;][vc_row_inner][vc_column_inner width=&#8221;1\/3&#8243;][vc_single_image image=&#8221;7514&#8243; img_size=&#8221;72&#215;74&#8243; alignment=&#8221;center&#8221; parallax_scroll=&#8221;no&#8221; woodmart_inline=&#8221;no&#8221;][\/vc_column_inner][vc_column_inner width=&#8221;2\/3&#8243;][vc_empty_space woodmart_hide_large=&#8221;0&#8243; woodmart_hide_medium=&#8221;0&#8243; woodmart_hide_small=&#8221;0&#8243;][vc_custom_heading text=&#8221;Uygulama&#8221; google_fonts=&#8221;font_family:Roboto%3A100%2C100italic%2C300%2C300italic%2Cregular%2Citalic%2C500%2C500italic%2C700%2C700italic%2C900%2C900italic|font_style:400%20regular%3A400%3Anormal&#8221;][\/vc_column_inner][\/vc_row_inner][vc_column_text woodmart_inline=&#8221;no&#8221; text_larger=&#8221;no&#8221;]Uzman ekiplerimizce AG da\u011f\u0131t\u0131m panolar\u0131 , kompanzasyon panolar\u0131, Saya\u00e7 Panolar\u0131 harici ve dahili olmak \u00fczere projelendirilmesi ve uygulama i\u015flemleri taraf\u0131m\u0131zca yap\u0131lmaktad\u0131r[\/vc_column_text][vc_single_image image=&#8221;7515&#8243; img_size=&#8221;full&#8221; parallax_scroll=&#8221;no&#8221; woodmart_inline=&#8221;no&#8221;][\/vc_column][\/vc_row]<\/p>\n","protected":false},"excerpt":{"rendered":"<p>[vc_row][vc_column][vc_single_image image=&#8221;7513&#8243; img_size=&#8221;full&#8221; parallax_scroll=&#8221;no&#8221; woodmart_inline=&#8221;no&#8221;][\/vc_column][\/vc_row][vc_row][vc_column width=&#8221;1\/2&#8243;][vc_row_inner][vc_column_inner width=&#8221;1\/3&#8243;][vc_single_image image=&#8221;7518&#8243; img_size=&#8221;74&#215;74&#8243; alignment=&#8221;center&#8221; parallax_scroll=&#8221;no&#8221; woodmart_inline=&#8221;no&#8221;][\/vc_column_inner][vc_column_inner width=&#8221;2\/3&#8243;][vc_empty_space woodmart_hide_large=&#8221;0&#8243; woodmart_hide_medium=&#8221;0&#8243; woodmart_hide_small=&#8221;0&#8243;][vc_custom_heading text=&#8221;Tedarik&#8221; google_fonts=&#8221;font_family:Roboto%3A100%2C100italic%2C300%2C300italic%2Cregular%2Citalic%2C500%2C500italic%2C700%2C700italic%2C900%2C900italic|font_style:400%20regular%3A400%3Anormal&#8221;][\/vc_column_inner][\/vc_row_inner][vc_column_text woodmart_inline=&#8221;no&#8221; text_larger=&#8221;no&#8221;]\u015eirketimizce<\/p>\n","protected":false},"author":1,"featured_media":0,"parent":0,"menu_order":0,"comment_status":"closed","ping_status":"closed","template":"","meta":{"footnotes":""},"class_list":["post-7512","page","type-page","status-publish","hentry"],"_links":{"self":[{"href":"https:\/\/kayenyapiteknik.com.tr\/index.php\/wp-json\/wp\/v2\/pages\/7512","targetHints":{"allow":["GET"]}}],"collection":[{"href":"https:\/\/kayenyapiteknik.com.tr\/index.php\/wp-json\/wp\/v2\/pages"}],"about":[{"href":"https:\/\/kayenyapiteknik.com.tr\/index.php\/wp-json\/wp\/v2\/types\/page"}],"author":[{"embeddable":true,"href":"https:\/\/kayenyapiteknik.com.tr\/index.php\/wp-json\/wp\/v2\/users\/1"}],"replies":[{"embeddable":true,"href":"https:\/\/kayenyapiteknik.com.tr\/index.php\/wp-json\/wp\/v2\/comments?post=7512"}],"version-history":[{"count":10,"href":"https:\/\/kayenyapiteknik.com.tr\/index.php\/wp-json\/wp\/v2\/pages\/7512\/revisions"}],"predecessor-version":[{"id":7529,"href":"https:\/\/kayenyapiteknik.com.tr\/index.php\/wp-json\/wp\/v2\/pages\/7512\/revisions\/7529"}],"wp:attachment":[{"href":"https:\/\/kayenyapiteknik.com.tr\/index.php\/wp-json\/wp\/v2\/media?parent=7512"}],"curies":[{"name":"wp","href":"https:\/\/api.w.org\/{rel}","templated":true}]}}