{"id":7607,"date":"2025-08-14T19:11:14","date_gmt":"2025-08-14T16:11:14","guid":{"rendered":"https:\/\/kayenyapiteknik.com.tr\/?page_id=7607"},"modified":"2025-08-15T00:04:21","modified_gmt":"2025-08-14T21:04:21","slug":"yapi-tasarim-uygulama-hizmetleri","status":"publish","type":"page","link":"https:\/\/kayenyapiteknik.com.tr\/index.php\/yapi-tasarim-uygulama-hizmetleri\/","title":{"rendered":"Yap\u0131 Tasar\u0131m &#038; Uygulama Hizmetleri"},"content":{"rendered":"<p>[vc_row][vc_column width=&#8221;1\/3&#8243;][vc_cta h2=&#8221;\u0130n\u015faat Taahh\u00fct&#8221; add_button=&#8221;bottom&#8221; btn_title=&#8221;H\u0130ZMET DETAYLARI&#8221; btn_style=&#8221;classic&#8221; btn_shape=&#8221;square&#8221; btn_color=&#8221;black&#8221; btn_size=&#8221;sm&#8221; btn_link=&#8221;url:https%3A%2F%2Fkayenyapiteknik.com.tr%2Findex.php%2Finsaat-taahhut&#8221;]<\/p>\n<h5 class=\"vc_custom_heading\">Profesyonel Taahh\u00fct Hizmetlerimiz<\/h5>\n<p><strong>Kayen Teknik Yap\u0131<\/strong>, \u0130n\u015faat Taahh\u00fct hizmetlerinde proje planlamas\u0131ndan anahtar teslim uygulamaya kadar t\u00fcm s\u00fcreci, kalite standartlar\u0131na ve b\u00fct\u00e7eye uygun \u015fekilde, zaman\u0131nda ve eksiksiz olarak ger\u00e7ekle\u015ftirir.[\/vc_cta][\/vc_column][vc_column width=&#8221;1\/3&#8243;][vc_cta h2=&#8221;Mimari Projelendirme&#8221; add_button=&#8221;bottom&#8221; btn_title=&#8221;H\u0130ZMET DETAYLARI&#8221; btn_style=&#8221;classic&#8221; btn_shape=&#8221;square&#8221; btn_color=&#8221;black&#8221; btn_size=&#8221;sm&#8221; btn_link=&#8221;url:https%3A%2F%2Fkayenyapiteknik.com.tr%2Findex.php%2Fmimari-projelendirme&#8221;]<\/p>\n<h5 class=\"vc_custom_heading\">Estetik ve Fonksiyonun Bulu\u015ftu\u011fu Nokta<\/h5>\n<p><strong>Kayen Teknik Yap\u0131<\/strong>, m\u00fc\u015fteri ihtiya\u00e7lar\u0131na uygun mimari projeleri modern 3D modelleme, teknik do\u011fruluk ve s\u00fcrd\u00fcr\u00fclebilir tasar\u0131m anlay\u0131\u015f\u0131yla estetik ve fonksiyonun uyumunu sa\u011flayarak haz\u0131rlar.[\/vc_cta][\/vc_column][vc_column width=&#8221;1\/3&#8243;][vc_cta h2=&#8221;\u0130\u00e7 Dekorasyon &amp; Tadilat&#8221; add_button=&#8221;bottom&#8221; btn_title=&#8221;H\u0130ZMET DETAYLARI&#8221; btn_style=&#8221;classic&#8221; btn_shape=&#8221;square&#8221; btn_color=&#8221;black&#8221; btn_size=&#8221;sm&#8221; btn_link=&#8221;url:https%3A%2F%2Fkayenyapiteknik.com.tr%2Findex.php%2Fic-dekorasyon-tadilat&#8221;]<\/p>\n<h5 class=\"vc_custom_heading\">Yenilik\u00e7i ve G\u00fcvenilir \u00c7\u00f6z\u00fcmler<\/h5>\n<p><strong>Kayen Teknik Yap\u0131<\/strong>, i\u00e7 dekorasyon ve tadilatta ke\u015fiften tasar\u0131ma, 3D g\u00f6rselle\u015ftirmeden anahtar teslim uygulamaya kadar y\u00fcksek kalite ve m\u00fc\u015fteri memnuniyeti odakl\u0131 hizmet sunar.[\/vc_cta][\/vc_column][\/vc_row]<\/p>\n","protected":false},"excerpt":{"rendered":"<p>[vc_row][vc_column width=&#8221;1\/3&#8243;][vc_cta h2=&#8221;\u0130n\u015faat Taahh\u00fct&#8221; add_button=&#8221;bottom&#8221; btn_title=&#8221;H\u0130ZMET DETAYLARI&#8221; btn_style=&#8221;classic&#8221; btn_shape=&#8221;square&#8221; btn_color=&#8221;black&#8221; btn_size=&#8221;sm&#8221; btn_link=&#8221;url:https%3A%2F%2Fkayenyapiteknik.com.tr%2Findex.php%2Finsaat-taahhut&#8221;] Profesyonel Taahh\u00fct Hizmetlerimiz Kayen Teknik Yap\u0131, \u0130n\u015faat Taahh\u00fct<\/p>\n","protected":false},"author":1,"featured_media":0,"parent":0,"menu_order":0,"comment_status":"closed","ping_status":"closed","template":"","meta":{"footnotes":""},"class_list":["post-7607","page","type-page","status-publish","hentry"],"_links":{"self":[{"href":"https:\/\/kayenyapiteknik.com.tr\/index.php\/wp-json\/wp\/v2\/pages\/7607","targetHints":{"allow":["GET"]}}],"collection":[{"href":"https:\/\/kayenyapiteknik.com.tr\/index.php\/wp-json\/wp\/v2\/pages"}],"about":[{"href":"https:\/\/kayenyapiteknik.com.tr\/index.php\/wp-json\/wp\/v2\/types\/page"}],"author":[{"embeddable":true,"href":"https:\/\/kayenyapiteknik.com.tr\/index.php\/wp-json\/wp\/v2\/users\/1"}],"replies":[{"embeddable":true,"href":"https:\/\/kayenyapiteknik.com.tr\/index.php\/wp-json\/wp\/v2\/comments?post=7607"}],"version-history":[{"count":5,"href":"https:\/\/kayenyapiteknik.com.tr\/index.php\/wp-json\/wp\/v2\/pages\/7607\/revisions"}],"predecessor-version":[{"id":7741,"href":"https:\/\/kayenyapiteknik.com.tr\/index.php\/wp-json\/wp\/v2\/pages\/7607\/revisions\/7741"}],"wp:attachment":[{"href":"https:\/\/kayenyapiteknik.com.tr\/index.php\/wp-json\/wp\/v2\/media?parent=7607"}],"curies":[{"name":"wp","href":"https:\/\/api.w.org\/{rel}","templated":true}]}}