{"id":7610,"date":"2025-08-14T19:15:26","date_gmt":"2025-08-14T16:15:26","guid":{"rendered":"https:\/\/kayenyapiteknik.com.tr\/?page_id=7610"},"modified":"2025-08-14T22:59:47","modified_gmt":"2025-08-14T19:59:47","slug":"insaat-taahhut","status":"publish","type":"page","link":"https:\/\/kayenyapiteknik.com.tr\/index.php\/insaat-taahhut\/","title":{"rendered":"\u0130n\u015faat Taahh\u00fct"},"content":{"rendered":"<p>[vc_row][vc_column][vc_custom_heading text=&#8221;\u0130n\u015faat Taahh\u00fct \u2013 Profesyonel Taahh\u00fct Hizmetlerimiz&#8221; font_container=&#8221;tag:h3|text_align:left&#8221; google_fonts=&#8221;font_family:Roboto%3A100%2C100italic%2C300%2C300italic%2Cregular%2Citalic%2C500%2C500italic%2C700%2C700italic%2C900%2C900italic|font_style:700%20bold%20regular%3A700%3Anormal&#8221;][\/vc_column][\/vc_row][vc_row][vc_column][vc_empty_space woodmart_hide_large=&#8221;0&#8243; woodmart_hide_medium=&#8221;0&#8243; woodmart_hide_small=&#8221;0&#8243;][\/vc_column][\/vc_row][vc_row][vc_column width=&#8221;2\/3&#8243;][vc_empty_space woodmart_hide_large=&#8221;0&#8243; woodmart_hide_medium=&#8221;0&#8243; woodmart_hide_small=&#8221;0&#8243;][vc_column_text woodmart_inline=&#8221;no&#8221; text_larger=&#8221;no&#8221;]<\/p>\n<h4 data-start=\"100\" data-end=\"129\">1. Planlama &amp; Modelleme<\/h4>\n<p data-start=\"130\" data-end=\"205\"><span class=\"relative -mx-px my-[-0.2rem] rounded px-px py-[0.2rem] transition-colors duration-100 ease-in-out\">Projeye ba\u015flamadan \u00f6nce i\u015fverenin ihtiya\u00e7lar\u0131 do\u011frultusunda kapsaml\u0131 planlama ve modelleme \u00e7al\u0131\u015fmalar\u0131 y\u00fcr\u00fct\u00fcl\u00fcr. Modern tekniklerle olu\u015fturulan 3D \u00f6n modellemeler, proje hakk\u0131nda g\u00f6rsel bir \u00f6n izleme sa\u011flar ve s\u00fcre\u00e7 boyunca netlik sunar. Bu a\u015famada yap\u0131lan t\u00fcm d\u00fczenlemeler sizin onay\u0131n\u0131za tabi olur.<\/span><\/p>\n<h4 data-start=\"207\" data-end=\"235\">2. Taahh\u00fct ve Uygulama<\/h4>\n<p data-start=\"236\" data-end=\"311\"><span class=\"relative -mx-px my-[-0.2rem] rounded px-px py-[0.2rem] transition-colors duration-100 ease-in-out\">Onaylanm\u0131\u015f projeye sad\u0131k kal\u0131narak, b\u00fct\u00e7enizi ve beklentilerinizi g\u00f6zeten imalat ve in\u015faat s\u00fcre\u00e7leri ba\u015flat\u0131l\u0131r. Her ad\u0131mda kalite standard\u0131 ve zaman y\u00f6netimini \u00f6n planda tutarak \u00e7al\u0131\u015fmalar y\u00fcr\u00fct\u00fcl\u00fcr.<\/span><\/p>\n<h4 data-start=\"313\" data-end=\"344\">3. Anahtar Teslim Hizmeti<\/h4>\n<p data-start=\"345\" data-end=\"420\"><span class=\"relative -mx-px my-[-0.2rem] rounded px-px py-[0.2rem] transition-colors duration-100 ease-in-out\">Kaba ve ince i\u015f\u00e7ilik s\u00fcre\u00e7leri dahil olmak \u00fczere t\u00fcm proje detaylar\u0131 \u015firketimiz taraf\u0131ndan titizlikle tamamlan\u0131r. T\u00fcm s\u00fcre\u00e7, m\u00fc\u015fteri memnuniyeti temel al\u0131narak eksiksiz bir bi\u00e7imde teslim edilir.<\/span><\/p>\n<p>[\/vc_column_text][\/vc_column][vc_column width=&#8221;1\/3&#8243;][vc_single_image image=&#8221;7628&#8243; img_size=&#8221;full&#8221; parallax_scroll=&#8221;no&#8221; woodmart_inline=&#8221;no&#8221;][\/vc_column][\/vc_row][vc_row][vc_column width=&#8221;1\/2&#8243;][vc_empty_space woodmart_hide_large=&#8221;0&#8243; woodmart_hide_medium=&#8221;0&#8243; woodmart_hide_small=&#8221;0&#8243;][vc_single_image image=&#8221;7625&#8243; img_size=&#8221;full&#8221; parallax_scroll=&#8221;no&#8221; woodmart_inline=&#8221;no&#8221;][\/vc_column][vc_column width=&#8221;1\/2&#8243;][vc_empty_space woodmart_hide_large=&#8221;0&#8243; woodmart_hide_medium=&#8221;0&#8243; woodmart_hide_small=&#8221;0&#8243;][vc_column_text woodmart_inline=&#8221;no&#8221; text_larger=&#8221;no&#8221;]<\/p>\n<h4 data-start=\"92\" data-end=\"131\"><strong data-start=\"92\" data-end=\"129\">4. Neden Bizi Tercih Etmelisiniz?<\/strong><\/h4>\n<ul data-start=\"133\" data-end=\"816\">\n<li data-start=\"133\" data-end=\"257\">\n<p data-start=\"135\" data-end=\"257\"><strong data-start=\"135\" data-end=\"166\">Deneyimli ve Donan\u0131ml\u0131 Ekip<\/strong>: Kalifiye m\u00fchendis ve teknik personel kadromuzla, her projede kalite ve g\u00fcven sunuyoruz.<\/p>\n<\/li>\n<li data-start=\"258\" data-end=\"378\">\n<p data-start=\"260\" data-end=\"378\"><strong data-start=\"260\" data-end=\"292\">Yenilik\u00e7i Teknik Yakla\u015f\u0131mlar<\/strong>: Proje s\u00fcre\u00e7lerinde geli\u015fmi\u015f 3D modelleme ve modern planlama ara\u00e7lar\u0131 kullan\u0131yoruz.<\/p>\n<\/li>\n<li data-start=\"379\" data-end=\"488\">\n<p data-start=\"381\" data-end=\"488\"><strong data-start=\"381\" data-end=\"414\">M\u00fc\u015fteri Odakl\u0131 \u00c7\u00f6z\u00fcm Anlay\u0131\u015f\u0131<\/strong>: \u0130htiya\u00e7lar\u0131n\u0131za uygun, pratik ve g\u00fcvenilir \u00e7\u00f6z\u00fcmlerle hizmetinizdeyiz.<\/p>\n<\/li>\n<li data-start=\"489\" data-end=\"623\">\n<p data-start=\"491\" data-end=\"623\"><strong data-start=\"491\" data-end=\"525\">Kalite Standartlar\u0131na Ba\u011fl\u0131l\u0131k<\/strong>: Malzeme se\u00e7iminden i\u015f\u00e7ilik detay\u0131na kadar uluslararas\u0131 standartlara uygun \u015fekilde \u00e7al\u0131\u015f\u0131yoruz.<\/p>\n<\/li>\n<li data-start=\"624\" data-end=\"816\">\n<p data-start=\"626\" data-end=\"816\"><strong data-start=\"626\" data-end=\"668\">S\u00fcrd\u00fcr\u00fclebilir ve \u00c7evre Dostu \u00c7\u00f6z\u00fcmler<\/strong>: Proje tasar\u0131m ve uygulamalar\u0131m\u0131zda enerji verimlili\u011fi, do\u011fal kaynaklar\u0131n korunmas\u0131 ve \u00e7evreye duyarl\u0131 malzeme kullan\u0131m\u0131 ilkelerini benimsiyoruz.<\/p>\n<\/li>\n<\/ul>\n<p>[\/vc_column_text][\/vc_column][\/vc_row][vc_row][vc_column][vc_custom_heading text=&#8221;Tamamlanan \/ Devam Eden Projelerimiz&#8221; font_container=&#8221;tag:h3|text_align:left&#8221; google_fonts=&#8221;font_family:Roboto%3A100%2C100italic%2C300%2C300italic%2Cregular%2Citalic%2C500%2C500italic%2C700%2C700italic%2C900%2C900italic|font_style:700%20bold%20regular%3A700%3Anormal&#8221;][vc_tta_accordion color=&#8221;white&#8221; active_section=&#8221;1&#8243; css=&#8221;.vc_custom_1755192931860{background-color: #ffffff !important;}&#8221;][vc_tta_section title=&#8221;Sa\u011fl\u0131kkent Konutlar\u0131 \u2013 Kocaeli&#8221; tab_id=&#8221;1755189310444-9b512981-ccad&#8221;][vc_row_inner][vc_column_inner][vc_column_text woodmart_inline=&#8221;no&#8221; text_larger=&#8221;no&#8221;]<strong data-start=\"708\" data-end=\"720\">\u0130\u015fveren:<\/strong> Kent Konut \u2013 Hald\u0131z \u0130n\u015faat<\/p>\n<p><strong data-start=\"750\" data-end=\"761\">Kapsam:<\/strong> 512 konutluk projede <strong data-start=\"783\" data-end=\"812\">anahtar teslim ince i\u015fler<\/strong> (al\u00e7\u0131, s\u0131va, boya, saten, \u015fap ve seramik imalatlar\u0131) titizlikle tamamlanm\u0131\u015ft\u0131r. Proje, y\u00fcksek kalite standartlar\u0131nda ve planlanan s\u00fcre i\u00e7erisinde teslim edilmi\u015ftir.[\/vc_column_text][vc_gallery type=&#8221;image_grid&#8221; images=&#8221;7667,7666,7665&#8243; img_size=&#8221;390&#215;244&#8243;][\/vc_column_inner][\/vc_row_inner][\/vc_tta_section][vc_tta_section title=&#8221;Fikirtepe Konut Projesi \u2013 \u0130stanbul&#8221; tab_id=&#8221;1755191124555-fc7af0be-e79e&#8221;][vc_column_text woodmart_inline=&#8221;no&#8221; text_larger=&#8221;no&#8221;]<\/p>\n<p data-start=\"1913\" data-end=\"2145\"><strong data-start=\"1913\" data-end=\"1925\">\u0130\u015fveren:<\/strong> \u00d6zel Proje<\/p>\n<p data-start=\"1913\" data-end=\"2145\"><strong data-start=\"1939\" data-end=\"1950\">Kapsam:<\/strong> Projede <strong data-start=\"1959\" data-end=\"1991\">ince i\u015fler ikmal \u00e7al\u0131\u015fmalar\u0131<\/strong> (duvar, s\u0131va, boya, \u015fap, seramik, izolasyon ve al\u00e7\u0131pan uygulamalar\u0131) ger\u00e7ekle\u015ftirilmi\u015ftir. \u0130\u015fler, mevcut yap\u0131 kalitesini art\u0131racak \u015fekilde planlanm\u0131\u015ft\u0131r.<\/p>\n<p>[\/vc_column_text][vc_gallery type=&#8221;image_grid&#8221; images=&#8221;7679,7680,7681&#8243; img_size=&#8221;390&#215;244&#8243;][\/vc_tta_section][vc_tta_section title=&#8221;Bizimtepe Aydos Konutlar\u0131 \u2013 \u0130stanbul&#8221; tab_id=&#8221;1755191910957-cb18bd99-9650&#8243;][vc_column_text woodmart_inline=&#8221;no&#8221; text_larger=&#8221;no&#8221;]<strong data-start=\"347\" data-end=\"359\">\u0130\u015fveren:<\/strong> Halk GYO \u2013 Vak\u0131f GYO \u2013 Hald\u0131z \u0130n\u015faat<\/p>\n<p><strong data-start=\"399\" data-end=\"410\">Kapsam:<\/strong> 1037 dairelik konut projesinde dubleks dairelerin ince i\u015fler kapsam\u0131nda <strong data-start=\"483\" data-end=\"510\">asma tavan uygulamalar\u0131<\/strong> ve <strong data-start=\"514\" data-end=\"556\">\u00f6zel tasar\u0131m ah\u015fap merdiven imalatlar\u0131<\/strong> ger\u00e7ekle\u015ftirilmi\u015ftir. Projede estetik ve fonksiyonelli\u011fi bir araya getiren detay \u00e7\u00f6z\u00fcmler uygulanm\u0131\u015ft\u0131r.[\/vc_column_text][vc_gallery type=&#8221;image_grid&#8221; images=&#8221;7683,7684,7685&#8243; img_size=&#8221;390&#215;244&#8243;][\/vc_tta_section][vc_tta_section title=&#8221;TOK\u0130 \u0130limtepe Konutlar\u0131 \u2013 Kocaeli&#8221; tab_id=&#8221;1755191983969-bf866343-071e&#8221;][vc_column_text woodmart_inline=&#8221;no&#8221; text_larger=&#8221;no&#8221;]<\/p>\n<p data-start=\"1027\" data-end=\"1246\"><strong data-start=\"1027\" data-end=\"1039\">\u0130\u015fveren:<\/strong> TOK\u0130<\/p>\n<p data-start=\"1027\" data-end=\"1246\"><strong data-start=\"1047\" data-end=\"1058\">Kapsam:<\/strong> 34 blok, toplam 564 dairede <strong data-start=\"1087\" data-end=\"1110\">d\u0131\u015f cephe mantolama<\/strong> ve <strong data-start=\"1114\" data-end=\"1128\">ince i\u015fler<\/strong> (al\u00e7\u0131, s\u0131va vb.) uygulamalar\u0131 ger\u00e7ekle\u015ftirilmi\u015ftir. Is\u0131 yal\u0131t\u0131m\u0131 ve estetik d\u0131\u015f cephe g\u00f6r\u00fcn\u00fcm\u00fc \u00f6n planda tutulmu\u015ftur.<\/p>\n<p>[\/vc_column_text][vc_gallery type=&#8221;image_grid&#8221; images=&#8221;7687,7688,7689&#8243; img_size=&#8221;390&#215;244&#8243;][\/vc_tta_section][vc_tta_section title=&#8221;Tuana Evleri 3. Etap \u2013 Kocaeli&#8221; tab_id=&#8221;1755192046717-5731c460-ae44&#8243;][vc_column_text woodmart_inline=&#8221;no&#8221; text_larger=&#8221;no&#8221;]<strong data-start=\"1293\" data-end=\"1305\">\u0130\u015fveren:<\/strong> Kent Konut<br \/>\n<br data-start=\"1316\" data-end=\"1319\" \/><strong data-start=\"1319\" data-end=\"1330\">Kapsam:<\/strong> Projede <strong data-start=\"1339\" data-end=\"1378\">elektrik ve mekanik \u015faft imalatlar\u0131<\/strong>, <strong data-start=\"1380\" data-end=\"1410\">yang\u0131n durdurucu sistemler<\/strong>, <strong data-start=\"1412\" data-end=\"1437\">ta\u015f y\u00fcn\u00fc uygulamalar\u0131<\/strong> ve <strong data-start=\"1441\" data-end=\"1466\">izolasyon \u00e7al\u0131\u015fmalar\u0131<\/strong> ba\u015far\u0131yla tamamlanm\u0131\u015ft\u0131r. T\u00fcm i\u015fler ilgili standart ve y\u00f6netmeliklere uygun olarak y\u00fcr\u00fct\u00fclm\u00fc\u015ft\u00fcr.[\/vc_column_text][vc_gallery type=&#8221;image_grid&#8221; images=&#8221;7690,7691,7692&#8243; img_size=&#8221;390&#215;244&#8243;][\/vc_tta_section][vc_tta_section title=&#8221;T\u00fcys\u00fczler ve Kabao\u011flu Villalar\u0131 \u2013 Kocaeli&#8221; tab_id=&#8221;1755201397585-575bf934-2eda&#8221;][vc_column_text woodmart_inline=&#8221;no&#8221; text_larger=&#8221;no&#8221;]<strong data-start=\"1622\" data-end=\"1634\">\u0130\u015fveren:<\/strong> \u00d6zel Proje<br \/>\n<br data-start=\"1645\" data-end=\"1648\" \/><strong data-start=\"1648\" data-end=\"1659\">Kapsam:<\/strong> 12 adet villa i\u00e7in <strong data-start=\"1679\" data-end=\"1711\">anahtar teslim proje taahh\u00fct<\/strong> hizmeti sa\u011flanm\u0131\u015ft\u0131r. Proje tasar\u0131m\u0131ndan in\u015faat\u0131n son a\u015famas\u0131na kadar t\u00fcm s\u00fcre\u00e7 firma taraf\u0131ndan y\u00f6netilmi\u015f ve y\u00fcksek standartlarda teslim edilmi\u015ftir.[\/vc_column_text][\/vc_tta_section][vc_tta_section title=&#8221;\u00d6zel Sekt\u00f6r Anahtar Teslim \u0130n\u015faat \u0130\u015fleri \u2013 T\u00fcrkiye Genelinde&#8221; tab_id=&#8221;1755201160461-e1438882-6010&#8243;][vc_column_text woodmart_inline=&#8221;no&#8221; text_larger=&#8221;no&#8221;]<strong data-start=\"2222\" data-end=\"2233\">Kapsam:<\/strong> \u00c7e\u015fitli ofis, ma\u011faza, d\u00fckkan, otel, AVM ve restoran projelerinde <strong data-start=\"2299\" data-end=\"2346\">anahtar teslim in\u015faat ve tadilat hizmetleri<\/strong> sa\u011flanm\u0131\u015ft\u0131r. Her proje, kullan\u0131c\u0131 ihtiya\u00e7lar\u0131na ve mek\u00e2n\u0131n kullan\u0131m amac\u0131na uygun \u015fekilde tasarlan\u0131p uygulanm\u0131\u015ft\u0131r.[\/vc_column_text][\/vc_tta_section][\/vc_tta_accordion][\/vc_column][\/vc_row]<\/p>\n","protected":false},"excerpt":{"rendered":"<p>[vc_row][vc_column][vc_custom_heading text=&#8221;\u0130n\u015faat Taahh\u00fct \u2013 Profesyonel Taahh\u00fct Hizmetlerimiz&#8221; font_container=&#8221;tag:h3|text_align:left&#8221; google_fonts=&#8221;font_family:Roboto%3A100%2C100italic%2C300%2C300italic%2Cregular%2Citalic%2C500%2C500italic%2C700%2C700italic%2C900%2C900italic|font_style:700%20bold%20regular%3A700%3Anormal&#8221;][\/vc_column][\/vc_row][vc_row][vc_column][vc_empty_space woodmart_hide_large=&#8221;0&#8243; woodmart_hide_medium=&#8221;0&#8243; woodmart_hide_small=&#8221;0&#8243;][\/vc_column][\/vc_row][vc_row][vc_column width=&#8221;2\/3&#8243;][vc_empty_space woodmart_hide_large=&#8221;0&#8243; woodmart_hide_medium=&#8221;0&#8243; woodmart_hide_small=&#8221;0&#8243;][vc_column_text woodmart_inline=&#8221;no&#8221; text_larger=&#8221;no&#8221;] 1. Planlama<\/p>\n","protected":false},"author":1,"featured_media":0,"parent":0,"menu_order":0,"comment_status":"closed","ping_status":"closed","template":"","meta":{"footnotes":""},"class_list":["post-7610","page","type-page","status-publish","hentry"],"_links":{"self":[{"href":"https:\/\/kayenyapiteknik.com.tr\/index.php\/wp-json\/wp\/v2\/pages\/7610","targetHints":{"allow":["GET"]}}],"collection":[{"href":"https:\/\/kayenyapiteknik.com.tr\/index.php\/wp-json\/wp\/v2\/pages"}],"about":[{"href":"https:\/\/kayenyapiteknik.com.tr\/index.php\/wp-json\/wp\/v2\/types\/page"}],"author":[{"embeddable":true,"href":"https:\/\/kayenyapiteknik.com.tr\/index.php\/wp-json\/wp\/v2\/users\/1"}],"replies":[{"embeddable":true,"href":"https:\/\/kayenyapiteknik.com.tr\/index.php\/wp-json\/wp\/v2\/comments?post=7610"}],"version-history":[{"count":16,"href":"https:\/\/kayenyapiteknik.com.tr\/index.php\/wp-json\/wp\/v2\/pages\/7610\/revisions"}],"predecessor-version":[{"id":7702,"href":"https:\/\/kayenyapiteknik.com.tr\/index.php\/wp-json\/wp\/v2\/pages\/7610\/revisions\/7702"}],"wp:attachment":[{"href":"https:\/\/kayenyapiteknik.com.tr\/index.php\/wp-json\/wp\/v2\/media?parent=7610"}],"curies":[{"name":"wp","href":"https:\/\/api.w.org\/{rel}","templated":true}]}}